{"id":189,"date":"2016-11-24T18:45:56","date_gmt":"2016-11-24T18:45:56","guid":{"rendered":"http:\/\/www.intensimpacto.com\/?page_id=189"},"modified":"2023-08-15T01:11:30","modified_gmt":"2023-08-15T01:11:30","slug":"renovacao-pavilhao-carlos-lopes-lisboa","status":"publish","type":"page","link":"https:\/\/www.intensimpacto.com\/pt\/portfolio\/renovacao-pavilhao-carlos-lopes-lisboa\/","title":{"rendered":"Renova\u00e7\u00e3o Pavilh\u00e3o Carlos Lopes &#8211; Lisboa"},"content":{"rendered":"\n\t\t<style type=\"text\/css\">\n\t\t\t#gallery-1 {\n\t\t\t\tmargin: auto;\n\t\t\t}\n\t\t\t#gallery-1 .gallery-item {\n\t\t\t\tfloat: left;\n\t\t\t\tmargin-top: 10px;\n\t\t\t\ttext-align: center;\n\t\t\t\twidth: 33%;\n\t\t\t}\n\t\t\t#gallery-1 img {\n\t\t\t\tborder: 2px solid #cfcfcf;\n\t\t\t}\n\t\t\t#gallery-1 .gallery-caption {\n\t\t\t\tmargin-left: 0;\n\t\t\t}\n\t\t\t\/* see gallery_shortcode() in wp-includes\/media.php *\/\n\t\t<\/style>\n\t\t<div id='gallery-1' class='gallery galleryid-189 gallery-columns-3 gallery-size-medium'><dl class='gallery-item'>\n\t\t\t<dt class='gallery-icon landscape'>\n\t\t\t\t<a href='https:\/\/www.intensimpacto.com\/wp-content\/uploads\/2016\/11\/pavilhao-carlos-lopes-1.jpg'><img width=\"300\" height=\"168\" src=\"https:\/\/www.intensimpacto.com\/wp-content\/uploads\/2016\/11\/pavilhao-carlos-lopes-1-300x168.jpg\" class=\"attachment-medium size-medium\" alt=\"\" decoding=\"async\" loading=\"lazy\" srcset=\"https:\/\/www.intensimpacto.com\/wp-content\/uploads\/2016\/11\/pavilhao-carlos-lopes-1-300x168.jpg 300w, https:\/\/www.intensimpacto.com\/wp-content\/uploads\/2016\/11\/pavilhao-carlos-lopes-1-768x431.jpg 768w, https:\/\/www.intensimpacto.com\/wp-content\/uploads\/2016\/11\/pavilhao-carlos-lopes-1-1024x575.jpg 1024w, https:\/\/www.intensimpacto.com\/wp-content\/uploads\/2016\/11\/pavilhao-carlos-lopes-1.jpg 1599w\" sizes=\"(max-width: 300px) 100vw, 300px\" \/><\/a>\n\t\t\t<\/dt><\/dl><dl class='gallery-item'>\n\t\t\t<dt class='gallery-icon landscape'>\n\t\t\t\t<a href='https:\/\/www.intensimpacto.com\/wp-content\/uploads\/2016\/11\/pavilhao-carlos-lopes-3.jpg'><img width=\"300\" height=\"168\" src=\"https:\/\/www.intensimpacto.com\/wp-content\/uploads\/2016\/11\/pavilhao-carlos-lopes-3-300x168.jpg\" class=\"attachment-medium size-medium\" alt=\"\" decoding=\"async\" loading=\"lazy\" srcset=\"https:\/\/www.intensimpacto.com\/wp-content\/uploads\/2016\/11\/pavilhao-carlos-lopes-3-300x168.jpg 300w, https:\/\/www.intensimpacto.com\/wp-content\/uploads\/2016\/11\/pavilhao-carlos-lopes-3-768x431.jpg 768w, https:\/\/www.intensimpacto.com\/wp-content\/uploads\/2016\/11\/pavilhao-carlos-lopes-3-1024x575.jpg 1024w, https:\/\/www.intensimpacto.com\/wp-content\/uploads\/2016\/11\/pavilhao-carlos-lopes-3.jpg 1599w\" sizes=\"(max-width: 300px) 100vw, 300px\" \/><\/a>\n\t\t\t<\/dt><\/dl><dl class='gallery-item'>\n\t\t\t<dt class='gallery-icon landscape'>\n\t\t\t\t<a href='https:\/\/www.intensimpacto.com\/wp-content\/uploads\/2016\/11\/pavilhao-carlos-lopes-2.jpg'><img width=\"300\" height=\"168\" src=\"https:\/\/www.intensimpacto.com\/wp-content\/uploads\/2016\/11\/pavilhao-carlos-lopes-2-300x168.jpg\" class=\"attachment-medium size-medium\" alt=\"\" decoding=\"async\" loading=\"lazy\" srcset=\"https:\/\/www.intensimpacto.com\/wp-content\/uploads\/2016\/11\/pavilhao-carlos-lopes-2-300x168.jpg 300w, https:\/\/www.intensimpacto.com\/wp-content\/uploads\/2016\/11\/pavilhao-carlos-lopes-2-768x431.jpg 768w, https:\/\/www.intensimpacto.com\/wp-content\/uploads\/2016\/11\/pavilhao-carlos-lopes-2-1024x575.jpg 1024w, https:\/\/www.intensimpacto.com\/wp-content\/uploads\/2016\/11\/pavilhao-carlos-lopes-2.jpg 1599w\" sizes=\"(max-width: 300px) 100vw, 300px\" \/><\/a>\n\t\t\t<\/dt><\/dl><br style=\"clear: both\" \/><dl class='gallery-item'>\n\t\t\t<dt class='gallery-icon landscape'>\n\t\t\t\t<a href='https:\/\/www.intensimpacto.com\/wp-content\/uploads\/2016\/11\/pavilhao-carlos-lopes-4.jpg'><img width=\"300\" height=\"168\" src=\"https:\/\/www.intensimpacto.com\/wp-content\/uploads\/2016\/11\/pavilhao-carlos-lopes-4-300x168.jpg\" class=\"attachment-medium size-medium\" alt=\"\" decoding=\"async\" loading=\"lazy\" srcset=\"https:\/\/www.intensimpacto.com\/wp-content\/uploads\/2016\/11\/pavilhao-carlos-lopes-4-300x168.jpg 300w, https:\/\/www.intensimpacto.com\/wp-content\/uploads\/2016\/11\/pavilhao-carlos-lopes-4-768x431.jpg 768w, https:\/\/www.intensimpacto.com\/wp-content\/uploads\/2016\/11\/pavilhao-carlos-lopes-4-1024x575.jpg 1024w, https:\/\/www.intensimpacto.com\/wp-content\/uploads\/2016\/11\/pavilhao-carlos-lopes-4.jpg 1599w\" sizes=\"(max-width: 300px) 100vw, 300px\" \/><\/a>\n\t\t\t<\/dt><\/dl><dl class='gallery-item'>\n\t\t\t<dt class='gallery-icon landscape'>\n\t\t\t\t<a href='https:\/\/www.intensimpacto.com\/wp-content\/uploads\/2016\/11\/IMG_20161124_132932.jpg'><img width=\"300\" height=\"168\" src=\"https:\/\/www.intensimpacto.com\/wp-content\/uploads\/2016\/11\/IMG_20161124_132932-300x168.jpg\" class=\"attachment-medium size-medium\" alt=\"\" decoding=\"async\" loading=\"lazy\" srcset=\"https:\/\/www.intensimpacto.com\/wp-content\/uploads\/2016\/11\/IMG_20161124_132932-300x168.jpg 300w, https:\/\/www.intensimpacto.com\/wp-content\/uploads\/2016\/11\/IMG_20161124_132932-768x431.jpg 768w, https:\/\/www.intensimpacto.com\/wp-content\/uploads\/2016\/11\/IMG_20161124_132932-1024x575.jpg 1024w, https:\/\/www.intensimpacto.com\/wp-content\/uploads\/2016\/11\/IMG_20161124_132932.jpg 1600w\" sizes=\"(max-width: 300px) 100vw, 300px\" \/><\/a>\n\t\t\t<\/dt><\/dl>\n\t\t\t<br style='clear: both' \/>\n\t\t<\/div>\n\n","protected":false},"excerpt":{"rendered":"","protected":false},"author":1,"featured_media":239,"parent":129,"menu_order":0,"comment_status":"closed","ping_status":"closed","template":"full-width.php","meta":{"footnotes":""},"_links":{"self":[{"href":"https:\/\/www.intensimpacto.com\/pt\/wp-json\/wp\/v2\/pages\/189"}],"collection":[{"href":"https:\/\/www.intensimpacto.com\/pt\/wp-json\/wp\/v2\/pages"}],"about":[{"href":"https:\/\/www.intensimpacto.com\/pt\/wp-json\/wp\/v2\/types\/page"}],"author":[{"embeddable":true,"href":"https:\/\/www.intensimpacto.com\/pt\/wp-json\/wp\/v2\/users\/1"}],"replies":[{"embeddable":true,"href":"https:\/\/www.intensimpacto.com\/pt\/wp-json\/wp\/v2\/comments?post=189"}],"version-history":[{"count":2,"href":"https:\/\/www.intensimpacto.com\/pt\/wp-json\/wp\/v2\/pages\/189\/revisions"}],"predecessor-version":[{"id":240,"href":"https:\/\/www.intensimpacto.com\/pt\/wp-json\/wp\/v2\/pages\/189\/revisions\/240"}],"up":[{"embeddable":true,"href":"https:\/\/www.intensimpacto.com\/pt\/wp-json\/wp\/v2\/pages\/129"}],"wp:featuredmedia":[{"embeddable":true,"href":"https:\/\/www.intensimpacto.com\/pt\/wp-json\/wp\/v2\/media\/239"}],"wp:attachment":[{"href":"https:\/\/www.intensimpacto.com\/pt\/wp-json\/wp\/v2\/media?parent=189"}],"curies":[{"name":"wp","href":"https:\/\/api.w.org\/{rel}","templated":true}]}}