{"id":53,"date":"2016-11-13T19:05:32","date_gmt":"2016-11-13T19:05:32","guid":{"rendered":"http:\/\/www.intensimpacto.com\/?page_id=53"},"modified":"2023-08-15T01:11:30","modified_gmt":"2023-08-15T01:11:30","slug":"carreiras","status":"publish","type":"page","link":"https:\/\/www.intensimpacto.com\/pt\/carreiras\/","title":{"rendered":"Carreiras"},"content":{"rendered":"<p>Junte-se \u00e0 nossa equipa! A Intensimpacto est\u00e1 de momento a recrutar colaboradores para trabalhar em <strong>Portugal<\/strong> ou <strong>B\u00e9lgica<\/strong>.<\/p>\n<p>\n<div class=\"wpcf7 no-js\" id=\"wpcf7-f63-o1\" lang=\"pt-PT\" dir=\"ltr\">\n<div class=\"screen-reader-response\"><p role=\"status\" aria-live=\"polite\" aria-atomic=\"true\"><\/p> <ul><\/ul><\/div>\n<form action=\"\/pt\/wp-json\/wp\/v2\/pages\/53#wpcf7-f63-o1\" method=\"post\" class=\"wpcf7-form init\" aria-label=\"Formul\u00e1rio de contacto\" novalidate=\"novalidate\" data-status=\"init\">\n<div style=\"display: none;\">\n<input type=\"hidden\" name=\"_wpcf7\" value=\"63\" \/>\n<input type=\"hidden\" name=\"_wpcf7_version\" value=\"5.9.8\" \/>\n<input type=\"hidden\" name=\"_wpcf7_locale\" value=\"pt_PT\" \/>\n<input type=\"hidden\" name=\"_wpcf7_unit_tag\" value=\"wpcf7-f63-o1\" \/>\n<input type=\"hidden\" name=\"_wpcf7_container_post\" value=\"0\" \/>\n<input type=\"hidden\" name=\"_wpcf7_posted_data_hash\" value=\"\" \/>\n<\/div>\n<p><span class=\"wpcf7-form-control-wrap\" data-name=\"nome\"><input size=\"40\" maxlength=\"400\" class=\"wpcf7-form-control wpcf7-text wpcf7-validates-as-required\" aria-required=\"true\" aria-invalid=\"false\" placeholder=\"Nome Completo\" value=\"\" type=\"text\" name=\"nome\" \/><\/span><br \/>\n<span class=\"wpcf7-form-control-wrap\" data-name=\"email\"><input size=\"40\" maxlength=\"400\" class=\"wpcf7-form-control wpcf7-email wpcf7-validates-as-required wpcf7-text wpcf7-validates-as-email\" aria-required=\"true\" aria-invalid=\"false\" placeholder=\"E-mail\" value=\"\" type=\"email\" name=\"email\" \/><\/span><br \/>\n<span class=\"wpcf7-form-control-wrap\" data-name=\"telefone\"><input size=\"40\" maxlength=\"400\" class=\"wpcf7-form-control wpcf7-tel wpcf7-validates-as-required wpcf7-text wpcf7-validates-as-tel\" aria-required=\"true\" aria-invalid=\"false\" placeholder=\"Telefone\" value=\"\" type=\"tel\" name=\"telefone\" \/><\/span><br \/>\n<span class=\"wpcf7-form-control-wrap\" data-name=\"morada\"><textarea cols=\"40\" rows=\"10\" maxlength=\"2000\" class=\"wpcf7-form-control wpcf7-textarea wpcf7-validates-as-required\" aria-required=\"true\" aria-invalid=\"false\" placeholder=\"Morada\" name=\"morada\"><\/textarea><\/span><br \/>\n<label>Data de Nascimento <span class=\"wpcf7-form-control-wrap\" data-name=\"data-nascimento\"><input class=\"wpcf7-form-control wpcf7-date wpcf7-validates-as-required wpcf7-validates-as-date\" aria-required=\"true\" aria-invalid=\"false\" value=\"\" type=\"date\" name=\"data-nascimento\" \/><\/span><\/label>\n<\/p>\n<p><span class=\"wpcf7-form-control-wrap\" data-name=\"nacionalidade\"><input size=\"40\" maxlength=\"400\" class=\"wpcf7-form-control wpcf7-text\" aria-invalid=\"false\" placeholder=\"Nacionalidade\" value=\"\" type=\"text\" name=\"nacionalidade\" \/><\/span><br \/>\n<span class=\"wpcf7-form-control-wrap\" data-name=\"ocupacao\"><input size=\"40\" maxlength=\"400\" class=\"wpcf7-form-control wpcf7-text\" aria-invalid=\"false\" placeholder=\"Ocupa\u00e7\u00e3o\" value=\"\" type=\"text\" name=\"ocupacao\" \/><\/span>\n<\/p>\n<p><label>Disponibilidade Imediata<br \/>\n<span class=\"wpcf7-form-control-wrap\" data-name=\"disponibilidade-imediata\"><span class=\"wpcf7-form-control wpcf7-radio\"><span class=\"wpcf7-list-item first\"><input type=\"radio\" name=\"disponibilidade-imediata\" value=\"Sim\" checked=\"checked\" \/><span class=\"wpcf7-list-item-label\">Sim<\/span><\/span><span class=\"wpcf7-list-item last\"><input type=\"radio\" name=\"disponibilidade-imediata\" value=\"N\u00e3o\" \/><span class=\"wpcf7-list-item-label\">N\u00e3o<\/span><\/span><\/span><\/span><\/label>\n<\/p>\n<p><label>Licen\u00e7a<\/label><br \/>\n<span class=\"wpcf7-form-control-wrap\" data-name=\"licensas\"><span class=\"wpcf7-form-control wpcf7-checkbox\"><span class=\"wpcf7-list-item first\"><input type=\"checkbox\" name=\"licensas[]\" value=\"Carta de Condu\u00e7\u00e3o\" \/><span class=\"wpcf7-list-item-label\">Carta de Condu\u00e7\u00e3o<\/span><\/span><span class=\"wpcf7-list-item last\"><input type=\"checkbox\" name=\"licensas[]\" value=\"Licen\u00e7a Comercial\" \/><span class=\"wpcf7-list-item-label\">Licen\u00e7a Comercial<\/span><\/span><\/span><\/span>\n<\/p>\n<p><label>L\u00ednguas Faladas<\/label><br \/>\n<span class=\"wpcf7-form-control-wrap\" data-name=\"linguas\"><span class=\"wpcf7-form-control wpcf7-checkbox\"><span class=\"wpcf7-list-item first\"><input type=\"checkbox\" name=\"linguas[]\" value=\"Portugu\u00eas\" \/><span class=\"wpcf7-list-item-label\">Portugu\u00eas<\/span><\/span><span class=\"wpcf7-list-item\"><input type=\"checkbox\" name=\"linguas[]\" value=\"English\" \/><span class=\"wpcf7-list-item-label\">English<\/span><\/span><span class=\"wpcf7-list-item\"><input type=\"checkbox\" name=\"linguas[]\" value=\"Fran\u00e7ais\" \/><span class=\"wpcf7-list-item-label\">Fran\u00e7ais<\/span><\/span><span class=\"wpcf7-list-item\"><input type=\"checkbox\" name=\"linguas[]\" value=\"Deutsche\" \/><span class=\"wpcf7-list-item-label\">Deutsche<\/span><\/span><span class=\"wpcf7-list-item last\"><input type=\"checkbox\" name=\"linguas[]\" value=\"Nederlands\" \/><span class=\"wpcf7-list-item-label\">Nederlands<\/span><\/span><\/span><\/span>\n<\/p>\n<p><input class=\"wpcf7-form-control wpcf7-submit has-spinner\" type=\"submit\" value=\"Enviar\" \/>\n<\/p><p style=\"display: none !important;\" class=\"akismet-fields-container\" data-prefix=\"_wpcf7_ak_\"><label>&#916;<textarea name=\"_wpcf7_ak_hp_textarea\" cols=\"45\" rows=\"8\" maxlength=\"100\"><\/textarea><\/label><input type=\"hidden\" id=\"ak_js_1\" name=\"_wpcf7_ak_js\" value=\"132\"\/><script>document.getElementById( \"ak_js_1\" ).setAttribute( \"value\", ( new Date() ).getTime() );<\/script><\/p><div class=\"wpcf7-response-output\" aria-hidden=\"true\"><\/div>\n<\/form>\n<\/div>\n<\/p>","protected":false},"excerpt":{"rendered":"<p>Junte-se \u00e0 nossa equipa! A Intensimpacto est\u00e1 de momento a recrutar colaboradores para trabalhar em Portugal ou B\u00e9lgica.<\/p>\n","protected":false},"author":1,"featured_media":0,"parent":0,"menu_order":0,"comment_status":"closed","ping_status":"closed","template":"no-sidebar.php","meta":{"footnotes":""},"_links":{"self":[{"href":"https:\/\/www.intensimpacto.com\/pt\/wp-json\/wp\/v2\/pages\/53"}],"collection":[{"href":"https:\/\/www.intensimpacto.com\/pt\/wp-json\/wp\/v2\/pages"}],"about":[{"href":"https:\/\/www.intensimpacto.com\/pt\/wp-json\/wp\/v2\/types\/page"}],"author":[{"embeddable":true,"href":"https:\/\/www.intensimpacto.com\/pt\/wp-json\/wp\/v2\/users\/1"}],"replies":[{"embeddable":true,"href":"https:\/\/www.intensimpacto.com\/pt\/wp-json\/wp\/v2\/comments?post=53"}],"version-history":[{"count":7,"href":"https:\/\/www.intensimpacto.com\/pt\/wp-json\/wp\/v2\/pages\/53\/revisions"}],"predecessor-version":[{"id":67,"href":"https:\/\/www.intensimpacto.com\/pt\/wp-json\/wp\/v2\/pages\/53\/revisions\/67"}],"wp:attachment":[{"href":"https:\/\/www.intensimpacto.com\/pt\/wp-json\/wp\/v2\/media?parent=53"}],"curies":[{"name":"wp","href":"https:\/\/api.w.org\/{rel}","templated":true}]}}