{"id":7,"date":"2016-11-13T23:15:13","date_gmt":"2016-11-13T23:15:13","guid":{"rendered":"http:\/\/www.intensimpacto.com\/?page_id=7"},"modified":"2023-08-15T01:11:30","modified_gmt":"2023-08-15T01:11:30","slug":"about","status":"publish","type":"page","link":"https:\/\/www.intensimpacto.com\/pt\/about\/","title":{"rendered":"Sobre N\u00f3s"},"content":{"rendered":"<p><\/p>\n<div id=\"WRchTxtq\" class=\"s1\" data-reactid=\".0.$SITE_ROOT.$desktop_siteRoot.$PAGES_CONTAINER.1.1.$SITE_PAGES.$c2414_DESKTOP.1.$WRchTxtq\">\n<p class=\"font_8\">Intensimpacto Unipessoal\u00a0Lda \u00e9 uma empresa que exerce atividade desde 2009 no dom\u00ednio da constru\u00e7\u00e3o e obras p\u00fablicas orientadas para clientes privados e empresas de constru\u00e7\u00e3o, tanto nacional como internacionalmente.<\/p>\n<p class=\"font_8\">A empresa est\u00e1 equipada com recursos humanos qualificados, bem como os meios para levar a cabo o desenvolvimento de servi\u00e7os.<\/p>\n<p class=\"font_8\">\u00c9 uma empresa jovem, mas dotado de funcion\u00e1rios experientes no ramo da constru\u00e7\u00e3o. O esp\u00edrito empreendedor do empres\u00e1rio, em conjunto\u00a0com a experi\u00eancia de todos os outros funcion\u00e1rios, fazem dele\u00a0um factor de competitividade.<\/p>\n<p class=\"font_8\">Atualmente, a empresa tem trabalho cont\u00ednuo em <strong>Portugal<\/strong>, <strong>Alemanha<\/strong> e <strong>B\u00e9lgica<\/strong> com diversas obras de grandes dimens\u00f5es.<\/p>\n<p class=\"font_8\">A flexibilidade, a atualiza\u00e7\u00e3o cont\u00ednua dos equipamentos, o investimento na forma\u00e7\u00e3o profissional dos seus colaboradores e a preocupa\u00e7\u00e3o constante na satisfa\u00e7\u00e3o total e\u00a0necessidades dos nossos clientes s\u00e3o valores que definem a nossa cultura e atitude corporativa.<\/p>\n<\/div>\n<p><\/p>","protected":false},"excerpt":{"rendered":"<p>Intensimpacto Unipessoal\u00a0Lda \u00e9 uma empresa que exerce atividade desde 2009 no dom\u00ednio da constru\u00e7\u00e3o e obras p\u00fablicas orientadas para clientes privados e empresas de constru\u00e7\u00e3o, tanto nacional como internacionalmente. A empresa est\u00e1 equipada com recursos humanos qualificados, bem como os meios para levar a cabo o desenvolvimento de servi\u00e7os. \u00c9 uma empresa jovem, mas dotado de funcion\u00e1rios experientes no ramo da constru\u00e7\u00e3o. O esp\u00edrito empreendedor do empres\u00e1rio, em conjunto\u00a0com a experi\u00eancia de todos os outros funcion\u00e1rios, fazem dele\u00a0um factor de competitividade. Atualmente, a empresa tem trabalho cont\u00ednuo em Portugal, Alemanha e B\u00e9lgica com diversas obras de grandes dimens\u00f5es. A flexibilidade,&#8230; <\/p>\n","protected":false},"author":1,"featured_media":0,"parent":0,"menu_order":0,"comment_status":"closed","ping_status":"closed","template":"template-contact.php","meta":{"footnotes":""},"_links":{"self":[{"href":"https:\/\/www.intensimpacto.com\/pt\/wp-json\/wp\/v2\/pages\/7"}],"collection":[{"href":"https:\/\/www.intensimpacto.com\/pt\/wp-json\/wp\/v2\/pages"}],"about":[{"href":"https:\/\/www.intensimpacto.com\/pt\/wp-json\/wp\/v2\/types\/page"}],"author":[{"embeddable":true,"href":"https:\/\/www.intensimpacto.com\/pt\/wp-json\/wp\/v2\/users\/1"}],"replies":[{"embeddable":true,"href":"https:\/\/www.intensimpacto.com\/pt\/wp-json\/wp\/v2\/comments?post=7"}],"version-history":[{"count":10,"href":"https:\/\/www.intensimpacto.com\/pt\/wp-json\/wp\/v2\/pages\/7\/revisions"}],"predecessor-version":[{"id":403,"href":"https:\/\/www.intensimpacto.com\/pt\/wp-json\/wp\/v2\/pages\/7\/revisions\/403"}],"wp:attachment":[{"href":"https:\/\/www.intensimpacto.com\/pt\/wp-json\/wp\/v2\/media?parent=7"}],"curies":[{"name":"wp","href":"https:\/\/api.w.org\/{rel}","templated":true}]}}